{"id":137,"date":"2012-05-06T15:24:16","date_gmt":"2012-05-06T14:24:16","guid":{"rendered":"http:\/\/gwaaltstadt.wordpress.com\/?page_id=137"},"modified":"2013-02-07T13:22:50","modified_gmt":"2013-02-07T12:22:50","slug":"was-machen-wir","status":"publish","type":"page","link":"https:\/\/www.gwa-altstadt.de\/new\/was-machen-wir\/","title":{"rendered":"Die GWA-Altstadt"},"content":{"rendered":"<p>Die GWA-Altstadt versteht sich als Sprachrohr der Altst\u00e4dter gegen\u00fcber den \u00c4mtern und der Verwaltung der Landeshauptstadt. Neben der Hilfe bei Problemen besteht die Aufgabe der GWA-Altstadt auch darin, die Bewohner der Altstadt dazu zu bewegen, sich mit ihrem Stadtteil zu identifizieren. Erreicht wird dies durch Stadtteilf\u00fchrungen, Sommer- und Kuchenbaumfeste, die traditionellen Banksprechstunden oder die Unterst\u00fctzung vieler Projekte in der Altstadt.<\/p>\n<p>Zusammen wollen wir die Lebensqualit\u00e4t im Stadtteil verbessern, uns untereinander vernetzen und alle B\u00fcrger\/-innen in kommunale Willensbildungsprozesse einbeziehen.<\/p>\n<p>Die GWA-Altstadt gr\u00fcndete sich 2001. Seitdem haben zahlreiche B\u00fcrger die Gelegenheit wahrgenommen, ihre Sorgen und Probleme darzulegen und um Unterst\u00fctzung gebeten. Vieles konnte dabei im Sinne der Altst\u00e4dter positiv gekl\u00e4rt werden. So nahm sich die GWA-Altstadt des Problems der &#8222;Trinkerwiese&#8220; am Pr\u00e4monstratenserberg, der schlechten Parkplatzsituation in der Plankstra\u00dfe oder auch dem Altstadtbalkon (Rosengarten) und dessen Erhalt an.<\/p>\n<p>Auch zuk\u00fcnftig werden uns viele Themen besch\u00e4ftigen. Die Neugestaltung des Domplatzes, oder das nicht barrierefreie \u00c4rztehaus am Tr\u00e4nsberg seien hier nur beispielhaft genannt.<\/p>\n<p>Wir freuen uns auf eine breite Unterst\u00fctzung der Altst\u00e4dter, damit unsere Anliegen und Ziele auch weiterhin erfolgreich umgesetzt werden k\u00f6nnen. Schauen Sie einfach zu einem unserer Termine vorbei und engagieren auch Sie sich.<\/p>\n","protected":false},"excerpt":{"rendered":"<p>Die GWA-Altstadt versteht sich als Sprachrohr der Altst\u00e4dter gegen\u00fcber den \u00c4mtern und der Verwaltung der Landeshauptstadt. Neben der Hilfe bei Problemen besteht die Aufgabe der GWA-Altstadt auch darin, die Bewohner der Altstadt dazu zu bewegen, sich mit ihrem Stadtteil zu identifizieren. Erreicht wird dies durch Stadtteilf\u00fchrungen, Sommer- und Kuchenbaumfeste, die traditionellen Banksprechstunden oder die Unterst\u00fctzung [&hellip;]<\/p>\n","protected":false},"author":1,"featured_media":0,"parent":0,"menu_order":0,"comment_status":"closed","ping_status":"open","template":"","meta":{"footnotes":""},"class_list":["post-137","page","type-page","status-publish","hentry"],"_links":{"self":[{"href":"https:\/\/www.gwa-altstadt.de\/new\/wp-json\/wp\/v2\/pages\/137","targetHints":{"allow":["GET"]}}],"collection":[{"href":"https:\/\/www.gwa-altstadt.de\/new\/wp-json\/wp\/v2\/pages"}],"about":[{"href":"https:\/\/www.gwa-altstadt.de\/new\/wp-json\/wp\/v2\/types\/page"}],"author":[{"embeddable":true,"href":"https:\/\/www.gwa-altstadt.de\/new\/wp-json\/wp\/v2\/users\/1"}],"replies":[{"embeddable":true,"href":"https:\/\/www.gwa-altstadt.de\/new\/wp-json\/wp\/v2\/comments?post=137"}],"version-history":[{"count":5,"href":"https:\/\/www.gwa-altstadt.de\/new\/wp-json\/wp\/v2\/pages\/137\/revisions"}],"predecessor-version":[{"id":645,"href":"https:\/\/www.gwa-altstadt.de\/new\/wp-json\/wp\/v2\/pages\/137\/revisions\/645"}],"wp:attachment":[{"href":"https:\/\/www.gwa-altstadt.de\/new\/wp-json\/wp\/v2\/media?parent=137"}],"curies":[{"name":"wp","href":"https:\/\/api.w.org\/{rel}","templated":true}]}}